{"id":1247,"date":"2016-08-22T11:11:09","date_gmt":"2016-08-22T09:11:09","guid":{"rendered":"https:\/\/burri-ag.cyon.site\/chi-siamo\/"},"modified":"2025-06-01T22:37:16","modified_gmt":"2025-06-01T20:37:16","slug":"chi-siamo","status":"publish","type":"page","link":"https:\/\/burri-ag.cyon.site\/it\/chi-siamo\/","title":{"rendered":"Chi siamo"},"content":{"rendered":"<div class=\"wpb-content-wrapper\">[vc_row full_width=\"stretch_row\" el_class=\"wk-subpage-header\" css=\".vc_custom_1471868303274{background-image: url(https:\/\/burri-ag.cyon.site\/wp-content\/uploads\/2016\/08\/home_slider_atlas-budget1.jpg?id=45) !important;background-position: center !important;background-repeat: no-repeat !important;background-size: cover !important;}\"][vc_column][\/vc_column][\/vc_row][vc_row][vc_column][vc_column_text]\n<h1 style=\"text-align: center;\">Chi siamo<\/h1>\n[\/vc_column_text][vc_row_inner][vc_column_inner width=\"1\/6&#8243; css=\".vc_custom_1474893515260{margin-bottom: 0px !important;}\"][\/vc_column_inner][vc_column_inner width=\"2\/3&#8243; css=\".vc_custom_1474893519354{margin-bottom: 0px !important;}\"][vc_column_text]\n<p style=\"text-align: center;\"><span style=\"font-size: 21px;\">Siamo un\u2019azienda che realizza soluzioni su misura grazie a un pensiero e un\u2019azione orientati al cliente. Che si tratti di una riparazione di routine, di una nuova costruzione o di una ristrutturazione, siamo il partner giusto al tuo fianco dalla pianificazione al completamento. <\/span>[\/vc_column_text][\/vc_column_inner][vc_column_inner width=\"1\/6&#8243; css=\".vc_custom_1474893524159{margin-bottom: 0px !important;}\"][\/vc_column_inner][\/vc_row_inner][\/vc_column][\/vc_row][vc_row css=\".vc_custom_1732515917067{margin-right: 40px !important;margin-left: 60px !important;padding-top: 40px !important;background-color: #ffffff !important;}\"][vc_column css=\".vc_custom_1732514986554{border-radius: 4px !important;}\"][vc_column_text css=\".vc_custom_1748352901331{margin-right: 10px !important;margin-left: 10px !important;border-radius: 4px !important;}\"]Con orgoglio, dal 2005 offriamo servizi professionali nel campo dell&#8217;idraulica e del riscaldamento con sede a Wettswil a.A. Il nostro team esperto di professionisti si impegna con passione per trasformare le tue idee e i tuoi sogni in realt\u00e0. Siamo orgogliosi della nostra lunga esperienza e della nostra capacit\u00e0 di trovare soluzioni individuali per ogni sfida.  <\/p>\n<p>&nbsp;<\/p>\n<p>Diamo grande importanza alla qualit\u00e0, alla sostenibilit\u00e0 e alla soddisfazione del cliente. Attraverso una stretta collaborazione con i nostri clienti e fornitori, con trasparenza in tutte le fasi, ci assicuriamo che i tuoi desideri siano sempre al centro delle nostre azioni. Qualit\u00e0 e precisione sono il nostro bene pi\u00f9 prezioso, e lo mettiamo in pratica in ogni fase del tuo progetto.  <\/p>\n<p>&nbsp;<\/p>\n<p>Dal 2005 operiamo nel settore come Burri AG e abbiamo realizzato con successo numerosi progetti \/ lavori. Adattiamo i nostri servizi alle tue esigenze specifiche e offriamo soluzioni su misura con passione. <\/p>\n<p>&nbsp;<\/p>\n<p class=\"my-0\">Con l&#8217;apertura della nuova filiale a Lugano, in Ticino, Burri AG fa un altro passo importante nella sua crescita. Allo stesso tempo, l&#8217;azienda si pone una nuova entusiasmante sfida, concentrandosi maggiormente sulla tecnologia delle piscine. Questo passo apre molteplici opportunit\u00e0 per espandere in nuovi mercati e sviluppare soluzioni innovative in un ambiente dinamico.  <\/p>\n[\/vc_column_text][\/vc_column][\/vc_row][vc_row css=\".vc_custom_1732515764009{margin-right: 40px !important;margin-left: 60px !important;padding-top: 40px !important;background-color: #efefef !important;}\"][vc_column css=\".vc_custom_1732514986554{border-radius: 4px !important;}\"]<div class=\"vcex-spacing wpex-w-100 wpex-clear\" style=\"height:40px;\"><\/div>[vc_column_text]\n<h2 style=\"text-align: center;\">Storia<\/h2>\n[\/vc_column_text][vc_text_separator title=\"2005&#8243;][vc_column_text css=\".vc_custom_1471954093419{padding-bottom: 40px !important;}\"]\n<p style=\"text-align: center;\">\u00c8 stata fondata la Mike Burri Heizung Sanit\u00e4r.<\/p>\n[\/vc_column_text][vc_text_separator title=\"2009&#8243;][vc_column_text css=\".vc_custom_1471954098493{padding-bottom: 40px !important;}\"]\n<p style=\"text-align: center;\">Acquisizione di Fusco Plumbing GmbH e fondazione di Burri &amp; Fusco AG.<\/p>\n[\/vc_column_text][vc_text_separator title=\"2010&#8243;][vc_column_text css=\".vc_custom_1471954105544{padding-bottom: 40px !important;}\"]\n<p style=\"text-align: center;\">Cambio del nome dell&#8217;azienda in Burri AG<\/p>\n[\/vc_column_text][vc_text_separator title=\"2015&#8243;][vc_column_text css=\".vc_custom_1732515655205{padding-bottom: 40px !important;}\"]\n<p style=\"text-align: center;\">10\u00b0 anniversario<\/p>\n[\/vc_column_text][vc_text_separator title=\"2024&#8243; css=\"\"][vc_column_text css=\".vc_custom_1732515642562{padding-bottom: 40px !important;}\"]\n<p style=\"text-align: center;\">Acquisizione di Remer Heizung &amp; Sanit\u00e4r<\/p>\n[\/vc_column_text][vc_text_separator title=\"2025&#8243; css=\"\"][vc_column_text css=\".vc_custom_1736779986222{padding-bottom: 40px !important;}\"]\n<p style=\"text-align: center;\">20\u00b0 anniversario<\/p>\n[\/vc_column_text][vc_text_separator title=\"Previsione per il 2026&#8243; css=\"\"][vc_column_text css=\".vc_custom_1748352776726{padding-bottom: 40px !important;}\"]\n<p style=\"text-align: center;\">Apertura della filiale a Lugano con focus sulla tecnologia delle piscine<\/p>\n[\/vc_column_text][\/vc_column][\/vc_row][vc_row][vc_column width=\"2\/3&#8243;]<div class=\"vcex-spacing wpex-w-100 wpex-clear\"><\/div><div class=\"vcex-heading vcex-heading-plain vcex-module wpex-heading wpex-text-2xl\"><span class=\"vcex-heading-inner wpex-inline-block\">Promessa al cliente - perch\u00e9 Burri AG?<\/span><\/div><div class=\"vcex-spacing wpex-w-100 wpex-clear\" style=\"height:20px;\"><\/div>[vc_column_text css=\"\"]\n<h4>Partenza con passione<\/h4>\n<ul>\n<li><strong>Creare valore aggiunto per i nostri clienti e partner.<\/strong> Svilupparsi continuamente. Coltivare partnership a lungo termine. La base del nostro lavoro \u00e8 costituita da forti valori a cui ci sentiamo impegnati. Valori che formano la base per una collaborazione di successo con i nostri clienti e partner.   <\/li>\n<li><strong>Fiducia<\/strong> &#8211; Specialmente in questi tempi frenetici, diamo grande importanza alla continuit\u00e0,<\/li>\n<li><strong>affidabilit\u00e0 e fiducia<\/strong> &#8211; Facciamo tutto il possibile per guadagnare e mantenere la tua fiducia, perch\u00e9 la tua soddisfazione \u00e8 il nostro successo.<\/li>\n<li><strong>Competenza<\/strong> &#8211; Nei rapporti con i clienti e i partner commerciali, ci distinguiamo per la qualit\u00e0 delle prestazioni e le decisioni rapide, e ci comportiamo in modo competente, sicuro e fiducioso. La disponibilit\u00e0 individuale a fornire prestazioni e la formazione professionale continua sono indispensabili per un&#8217;apparenza professionale e competente e sono sostenute e promosse da Burri AG. <\/li>\n<li><strong>Qualit\u00e0<\/strong> &#8211; non facciamo compromessi sulla qualit\u00e0 dei nostri prodotti e servizi. Preferiamo rinunciare a un incarico piuttosto che mettere in difficolt\u00e0 te e noi con materiali o servizi di seconda qualit\u00e0. <\/li>\n<li><strong>Trasparenza<\/strong> &#8211; La nostra comunicazione, interna ed esterna, si distingue per trasparenza, obiettivit\u00e0, rispetto e autenticit\u00e0. Un\u2019attivit\u00e0 commerciale efficace e di successo presuppone che tutte le informazioni rilevanti raggiungano i destinatari previsti. <\/li>\n<li><strong>Vicinanza al cliente<\/strong> \u2013 Siamo qui per te! Per comprendere meglio le tue esigenze specifiche e supportarti in modo ottimale, ci sta molto a cuore ottenere un\u2019impressione personale di te. <\/li>\n<\/ul>\n[\/vc_column_text][\/vc_column][vc_column width=\"1\/3&#8243;]<div class=\"vcex-spacing wpex-w-100 wpex-clear\"><\/div>\t<style>.vcex_69e9ed55cf94a{height:100px;}@media (max-width:1024px){.vcex_69e9ed55cf94a{height:80px;}}@media (max-width:767px){.vcex_69e9ed55cf94a{height:30px;}}@media (max-width:479px){.vcex_69e9ed55cf94a{height:30px;}}<\/style>\n<div class=\"vcex-spacing wpex-w-100 wpex-clear vcex_69e9ed55cf94a\"><\/div><figure class=\"vcex-image vcex-module\"><div class=\"vcex-image-inner wpex-relative wpex-inline-block\"><img width=\"3632\" height=\"4340\" src=\"https:\/\/burri-ag.cyon.site\/wp-content\/uploads\/2024\/12\/Mike-Burri-Inhaber-der-Burri-AG-e1734362428956.png\" class=\"vcex-image-img wpex-align-middle\" alt=\"Mike Burri - Inhaber der Burri AG\" loading=\"lazy\" decoding=\"async\" srcset=\"https:\/\/burri-ag.cyon.site\/wp-content\/uploads\/2024\/12\/Mike-Burri-Inhaber-der-Burri-AG-e1734362428956.png 3632w, https:\/\/burri-ag.cyon.site\/wp-content\/uploads\/2024\/12\/Mike-Burri-Inhaber-der-Burri-AG-e1734362428956-251x300.png 251w, https:\/\/burri-ag.cyon.site\/wp-content\/uploads\/2024\/12\/Mike-Burri-Inhaber-der-Burri-AG-e1734362428956-857x1024.png 857w, https:\/\/burri-ag.cyon.site\/wp-content\/uploads\/2024\/12\/Mike-Burri-Inhaber-der-Burri-AG-e1734362428956-768x918.png 768w, https:\/\/burri-ag.cyon.site\/wp-content\/uploads\/2024\/12\/Mike-Burri-Inhaber-der-Burri-AG-e1734362428956-1285x1536.png 1285w, https:\/\/burri-ag.cyon.site\/wp-content\/uploads\/2024\/12\/Mike-Burri-Inhaber-der-Burri-AG-e1734362428956-1714x2048.png 1714w\" sizes=\"auto, (max-width: 3632px) 100vw, 3632px\" \/><\/div><\/figure>[\/vc_column][\/vc_row]\n<\/div>","protected":false},"excerpt":{"rendered":"<p>[vc_row full_width=\"stretch_row\" el_class=\"wk-subpage-header\" css=\".vc_custom_1471868303274{background-image: url(https:\/\/burri-ag.cyon.site\/wp-content\/uploads\/2016\/08\/home_slider_atlas-budget1.jpg?id=45) !important;background-position: center !important;background-repeat: no-repeat !important;background-size: cover !important;}\"][vc_column][\/vc_column][\/vc_row][vc_row][vc_column][vc_column_text] Chi siamo [\/vc_column_text][vc_row_inner][vc_column_inner width=\"1\/6&#8243; css=\".vc_custom_1474893515260{margin-bottom: 0px !important;}\"][\/vc_column_inner][vc_column_inner width=\"2\/3&#8243; css=\".vc_custom_1474893519354{margin-bottom: 0px !important;}\"][vc_column_text] Siamo un\u2019azienda che realizza soluzioni su misura grazie a un pensiero e un\u2019azione orientati al cliente. Che si tratti di una riparazione di routine, di una nuova costruzione o di una ristrutturazione,&hellip;<\/p>\n","protected":false},"author":5,"featured_media":0,"parent":0,"menu_order":0,"comment_status":"closed","ping_status":"closed","template":"","meta":{"two_page_speed":[],"footnotes":""},"class_list":["post-1247","page","type-page","status-publish","hentry","entry","no-media"],"yoast_head":"<!-- This site is optimized with the Yoast SEO plugin v26.8 - https:\/\/yoast.com\/product\/yoast-seo-wordpress\/ -->\n<title>Burri AG e la sua promessa ai clienti<\/title>\n<meta name=\"description\" content=\"Burri AG \u2013 il tuo idraulico per Zurigo, Zugo, Argovia, Ticino e dintorni: servizi professionali efficienti e su misura per te.\" \/>\n<meta name=\"robots\" content=\"index, follow, max-snippet:-1, max-image-preview:large, max-video-preview:-1\" \/>\n<link rel=\"canonical\" href=\"https:\/\/burri-ag.cyon.site\/it\/chi-siamo\/\" \/>\n<meta property=\"og:locale\" content=\"it_IT\" \/>\n<meta property=\"og:type\" content=\"article\" \/>\n<meta property=\"og:title\" content=\"Burri AG e la sua promessa ai clienti\" \/>\n<meta property=\"og:description\" content=\"Burri AG \u2013 il tuo idraulico per Zurigo, Zugo, Argovia, Ticino e dintorni: servizi professionali efficienti e su misura per te.\" \/>\n<meta property=\"og:url\" content=\"https:\/\/burri-ag.cyon.site\/it\/chi-siamo\/\" \/>\n<meta property=\"og:site_name\" content=\"Burri AG\" \/>\n<meta property=\"article:modified_time\" content=\"2025-06-01T20:37:16+00:00\" \/>\n<meta property=\"og:image\" content=\"https:\/\/burri-ag.cyon.site\/wp-content\/uploads\/2016\/09\/burri-ag_full_logo.png\" \/>\n\t<meta property=\"og:image:width\" content=\"510\" \/>\n\t<meta property=\"og:image:height\" content=\"150\" \/>\n\t<meta property=\"og:image:type\" content=\"image\/png\" \/>\n<meta name=\"twitter:card\" content=\"summary_large_image\" \/>\n<meta name=\"twitter:label1\" content=\"Tempo di lettura stimato\" \/>\n\t<meta name=\"twitter:data1\" content=\"4 minuti\" \/>\n<script type=\"application\/ld+json\" class=\"yoast-schema-graph\">{\"@context\":\"https:\/\/schema.org\",\"@graph\":[{\"@type\":\"WebPage\",\"@id\":\"https:\/\/burri-ag.cyon.site\/it\/chi-siamo\/\",\"url\":\"https:\/\/burri-ag.cyon.site\/it\/chi-siamo\/\",\"name\":\"Burri AG e la sua promessa ai clienti\",\"isPartOf\":{\"@id\":\"https:\/\/burri-ag.cyon.site\/it\/#website\"},\"datePublished\":\"2016-08-22T09:11:09+00:00\",\"dateModified\":\"2025-06-01T20:37:16+00:00\",\"description\":\"Burri AG \u2013 il tuo idraulico per Zurigo, Zugo, Argovia, Ticino e dintorni: servizi professionali efficienti e su misura per te.\",\"breadcrumb\":{\"@id\":\"https:\/\/burri-ag.cyon.site\/it\/chi-siamo\/#breadcrumb\"},\"inLanguage\":\"it-IT\",\"potentialAction\":[{\"@type\":\"ReadAction\",\"target\":[\"https:\/\/burri-ag.cyon.site\/it\/chi-siamo\/\"]}]},{\"@type\":\"BreadcrumbList\",\"@id\":\"https:\/\/burri-ag.cyon.site\/it\/chi-siamo\/#breadcrumb\",\"itemListElement\":[{\"@type\":\"ListItem\",\"position\":1,\"name\":\"Casa\",\"item\":\"https:\/\/burri-ag.cyon.site\/it\/home\/\"},{\"@type\":\"ListItem\",\"position\":2,\"name\":\"Chi siamo\"}]},{\"@type\":\"WebSite\",\"@id\":\"https:\/\/burri-ag.cyon.site\/it\/#website\",\"url\":\"https:\/\/burri-ag.cyon.site\/it\/\",\"name\":\"Burri AG\",\"description\":\"Sanit\u00e4r - Heizung - Reparaturen - Boilerentkalkung\",\"publisher\":{\"@id\":\"https:\/\/burri-ag.cyon.site\/it\/#organization\"},\"potentialAction\":[{\"@type\":\"SearchAction\",\"target\":{\"@type\":\"EntryPoint\",\"urlTemplate\":\"https:\/\/burri-ag.cyon.site\/it\/?s={search_term_string}\"},\"query-input\":{\"@type\":\"PropertyValueSpecification\",\"valueRequired\":true,\"valueName\":\"search_term_string\"}}],\"inLanguage\":\"it-IT\"},{\"@type\":\"Organization\",\"@id\":\"https:\/\/burri-ag.cyon.site\/it\/#organization\",\"name\":\"Burri AG\",\"url\":\"https:\/\/burri-ag.cyon.site\/it\/\",\"logo\":{\"@type\":\"ImageObject\",\"inLanguage\":\"it-IT\",\"@id\":\"https:\/\/burri-ag.cyon.site\/it\/#\/schema\/logo\/image\/\",\"url\":\"https:\/\/burri-ag.cyon.site\/wp-content\/uploads\/2016\/09\/burri-ag_full_logo.png\",\"contentUrl\":\"https:\/\/burri-ag.cyon.site\/wp-content\/uploads\/2016\/09\/burri-ag_full_logo.png\",\"width\":510,\"height\":150,\"caption\":\"Burri AG\"},\"image\":{\"@id\":\"https:\/\/burri-ag.cyon.site\/it\/#\/schema\/logo\/image\/\"}}]}<\/script>\n<!-- \/ Yoast SEO plugin. -->","yoast_head_json":{"title":"Burri AG e la sua promessa ai clienti","description":"Burri AG \u2013 il tuo idraulico per Zurigo, Zugo, Argovia, Ticino e dintorni: servizi professionali efficienti e su misura per te.","robots":{"index":"index","follow":"follow","max-snippet":"max-snippet:-1","max-image-preview":"max-image-preview:large","max-video-preview":"max-video-preview:-1"},"canonical":"https:\/\/burri-ag.cyon.site\/it\/chi-siamo\/","og_locale":"it_IT","og_type":"article","og_title":"Burri AG e la sua promessa ai clienti","og_description":"Burri AG \u2013 il tuo idraulico per Zurigo, Zugo, Argovia, Ticino e dintorni: servizi professionali efficienti e su misura per te.","og_url":"https:\/\/burri-ag.cyon.site\/it\/chi-siamo\/","og_site_name":"Burri AG","article_modified_time":"2025-06-01T20:37:16+00:00","og_image":[{"width":510,"height":150,"url":"https:\/\/burri-ag.cyon.site\/wp-content\/uploads\/2016\/09\/burri-ag_full_logo.png","type":"image\/png"}],"twitter_card":"summary_large_image","twitter_misc":{"Tempo di lettura stimato":"4 minuti"},"schema":{"@context":"https:\/\/schema.org","@graph":[{"@type":"WebPage","@id":"https:\/\/burri-ag.cyon.site\/it\/chi-siamo\/","url":"https:\/\/burri-ag.cyon.site\/it\/chi-siamo\/","name":"Burri AG e la sua promessa ai clienti","isPartOf":{"@id":"https:\/\/burri-ag.cyon.site\/it\/#website"},"datePublished":"2016-08-22T09:11:09+00:00","dateModified":"2025-06-01T20:37:16+00:00","description":"Burri AG \u2013 il tuo idraulico per Zurigo, Zugo, Argovia, Ticino e dintorni: servizi professionali efficienti e su misura per te.","breadcrumb":{"@id":"https:\/\/burri-ag.cyon.site\/it\/chi-siamo\/#breadcrumb"},"inLanguage":"it-IT","potentialAction":[{"@type":"ReadAction","target":["https:\/\/burri-ag.cyon.site\/it\/chi-siamo\/"]}]},{"@type":"BreadcrumbList","@id":"https:\/\/burri-ag.cyon.site\/it\/chi-siamo\/#breadcrumb","itemListElement":[{"@type":"ListItem","position":1,"name":"Casa","item":"https:\/\/burri-ag.cyon.site\/it\/home\/"},{"@type":"ListItem","position":2,"name":"Chi siamo"}]},{"@type":"WebSite","@id":"https:\/\/burri-ag.cyon.site\/it\/#website","url":"https:\/\/burri-ag.cyon.site\/it\/","name":"Burri AG","description":"Sanit\u00e4r - Heizung - Reparaturen - Boilerentkalkung","publisher":{"@id":"https:\/\/burri-ag.cyon.site\/it\/#organization"},"potentialAction":[{"@type":"SearchAction","target":{"@type":"EntryPoint","urlTemplate":"https:\/\/burri-ag.cyon.site\/it\/?s={search_term_string}"},"query-input":{"@type":"PropertyValueSpecification","valueRequired":true,"valueName":"search_term_string"}}],"inLanguage":"it-IT"},{"@type":"Organization","@id":"https:\/\/burri-ag.cyon.site\/it\/#organization","name":"Burri AG","url":"https:\/\/burri-ag.cyon.site\/it\/","logo":{"@type":"ImageObject","inLanguage":"it-IT","@id":"https:\/\/burri-ag.cyon.site\/it\/#\/schema\/logo\/image\/","url":"https:\/\/burri-ag.cyon.site\/wp-content\/uploads\/2016\/09\/burri-ag_full_logo.png","contentUrl":"https:\/\/burri-ag.cyon.site\/wp-content\/uploads\/2016\/09\/burri-ag_full_logo.png","width":510,"height":150,"caption":"Burri AG"},"image":{"@id":"https:\/\/burri-ag.cyon.site\/it\/#\/schema\/logo\/image\/"}}]}},"_links":{"self":[{"href":"https:\/\/burri-ag.cyon.site\/it\/wp-json\/wp\/v2\/pages\/1247","targetHints":{"allow":["GET"]}}],"collection":[{"href":"https:\/\/burri-ag.cyon.site\/it\/wp-json\/wp\/v2\/pages"}],"about":[{"href":"https:\/\/burri-ag.cyon.site\/it\/wp-json\/wp\/v2\/types\/page"}],"author":[{"embeddable":true,"href":"https:\/\/burri-ag.cyon.site\/it\/wp-json\/wp\/v2\/users\/5"}],"replies":[{"embeddable":true,"href":"https:\/\/burri-ag.cyon.site\/it\/wp-json\/wp\/v2\/comments?post=1247"}],"version-history":[{"count":5,"href":"https:\/\/burri-ag.cyon.site\/it\/wp-json\/wp\/v2\/pages\/1247\/revisions"}],"predecessor-version":[{"id":1296,"href":"https:\/\/burri-ag.cyon.site\/it\/wp-json\/wp\/v2\/pages\/1247\/revisions\/1296"}],"wp:attachment":[{"href":"https:\/\/burri-ag.cyon.site\/it\/wp-json\/wp\/v2\/media?parent=1247"}],"curies":[{"name":"wp","href":"https:\/\/api.w.org\/{rel}","templated":true}]}}